{"id":4063,"date":"2020-03-08T12:14:54","date_gmt":"2020-03-08T11:14:54","guid":{"rendered":"https:\/\/www.sanmiguelpark-ibiza.com\/servicios-y-actividades\/excursiones\/"},"modified":"2022-01-11T10:45:40","modified_gmt":"2022-01-11T09:45:40","slug":"excursions","status":"publish","type":"page","link":"https:\/\/www.sanmiguelpark-ibiza.com\/fr\/services-et-activites\/excursions\/","title":{"rendered":"Excursions"},"content":{"rendered":"<p><div class=\"fusion-fullwidth fullwidth-box fusion-builder-row-1 contenedorFormReservas nonhundred-percent-fullwidth non-hundred-percent-height-scrolling\" style=\"background-color: rgba(0,0,0,0.01);background-position: center center;background-repeat: no-repeat;padding-top:0px;padding-right:0px;padding-bottom:0px;padding-left:0px;margin-bottom: 0px;margin-top: 0px;border-width: 0px 0px 0px 0px;border-color:#eae9e9;border-style:solid;\" ><div class=\"fusion-builder-row fusion-row\"><div class=\"fusion-layout-column fusion_builder_column fusion-builder-column-0 fusion_builder_column_1_1 1_1 fusion-one-full fusion-column-first fusion-column-last formReservas fusion-animated\" style=\"margin-top:0px;margin-bottom:0px;\" data-animationType=\"fadeInLeft\" data-animationDuration=\"0.6\" data-animationOffset=\"top-into-view\"><div class=\"fusion-column-wrapper fusion-flex-column-wrapper-legacy\" style=\"background-position:left top;background-repeat:no-repeat;-webkit-background-size:cover;-moz-background-size:cover;-o-background-size:cover;background-size:cover;background-color:#008dc7;padding: 10px 20px 20px 20px;\"><div class=\"fusion-text fusion-text-1\"><p><a class=\"bt-cerrar-reservas\">X<\/a><\/p>\n<h2 class=\"titulo-reserva\">R\u00c9SERVATION<\/h2>\n<form id=\"submit\" action=\"https:\/\/bookings.sanmiguelpark-ibiza.com\/fr\/step-1\" autocomplete=\"off\" method=\"get\"><input name=\"id\" type=\"hidden\" value=\"8I99OlczXgJdJm0yP7Ih3w\" \/><\/p>\n<div class=\"col-lg-3\"><input id=\"arrival\" class=\"datepicker\" autocomplete=\"off\" name=\"arrival\" readonly=\"readonly\" type=\"text\" placeholder=\"Date d'entr\u00e9e\" \/><\/div>\n<div class=\"col-lg-3\"><input id=\"departure\" class=\"datepicker\" autocomplete=\"off\" name=\"departure\" readonly=\"readonly\" type=\"text\" placeholder=\"Date de sortie\" \/><\/div>\n<div class=\"col-lg-3\"><input id=\"promo-code\" autocomplete=\"off\" name=\"promo\" type=\"text\" placeholder=\"Code PROMO\" \/><\/div>\n<div class=\"col-lg-3\"><input id=\"submit_reserva\" class=\"wpcf7-form-control wpcf7-submit\" style=\"border-radius: 25px; margin-top: 3px; width: 100%;\" type=\"submit\" value=\"R\u00c9SERVE\" \/><\/div>\n<\/form>\n<\/div><div class=\"fusion-clearfix\"><\/div><\/div><\/div><\/div><\/div><div class=\"fusion-bg-parallax\" data-bg-align=\"center bottom\" data-direction=\"up\" data-mute=\"false\" data-opacity=\"100\" data-velocity=\"-0.3\" data-mobile-enabled=\"false\" data-break_parents=\"0\" data-bg-image=\"https:\/\/www.sanmiguelpark-ibiza.com\/wp-content\/uploads\/2020\/03\/aquabus-1.jpg\" data-bg-repeat=\"false\" ><\/div><div class=\"fusion-fullwidth fullwidth-box fusion-builder-row-2 fusion-parallax-up nonhundred-percent-fullwidth non-hundred-percent-height-scrolling\" style=\"background-color: rgba(255,255,255,0);background-image: url(&quot;https:\/\/www.sanmiguelpark-ibiza.com\/wp-content\/uploads\/2020\/03\/aquabus-1.jpg&quot;);background-position: center bottom;background-repeat: no-repeat;padding-top:160px;padding-right:0px;padding-bottom:100px;padding-left:0px;margin-bottom: 0px;margin-top: 0px;border-width: 0px 0px 0px 0px;border-color:#eae9e9;border-style:solid;-webkit-background-size:cover;-moz-background-size:cover;-o-background-size:cover;background-size:cover;\" ><div class=\"fusion-builder-row fusion-row\"><div class=\"fusion-layout-column fusion_builder_column fusion-builder-column-1 fusion_builder_column_1_1 1_1 fusion-one-full fusion-column-first fusion-column-last\" style=\"margin-top:0px;margin-bottom:0px;\"><div class=\"fusion-column-wrapper fusion-flex-column-wrapper-legacy\" style=\"background-position:center center;background-repeat:no-repeat;-webkit-background-size:cover;-moz-background-size:cover;-o-background-size:cover;background-size:cover;padding: 0px 0px 0px 0px;\"><style type=\"text\/css\"><\/style><div class=\"fusion-title title fusion-title-1 fusion-sep-none fusion-title-text fusion-title-size-one\" style=\"margin-top:0px;margin-right:0px;margin-bottom:31px;margin-left:0px;\"><h1 class=\"title-heading-left fusion-responsive-typography-calculated\" style=\"margin:0;--fontSize:60;line-height:1.4;\"><p style=\"text-align: center;\">Excursions<\/p><\/h1><\/div><div class=\"fusion-clearfix\"><\/div><\/div><\/div><\/div><\/div><div class=\"fusion-fullwidth fullwidth-box fusion-builder-row-3 nonhundred-percent-fullwidth non-hundred-percent-height-scrolling\" style=\"background-color: rgba(255,255,255,0);background-position: center center;background-repeat: no-repeat;padding-top:50px;padding-right:0px;padding-bottom:50px;padding-left:0px;margin-bottom: 0px;margin-top: 0px;border-width: 0px 0px 0px 0px;border-color:#eae9e9;border-style:solid;\" ><div class=\"fusion-builder-row fusion-row\"><div class=\"fusion-layout-column fusion_builder_column fusion-builder-column-2 fusion_builder_column_1_1 1_1 fusion-one-full fusion-column-first fusion-column-last\" style=\"margin-top:0px;margin-bottom:0px;\"><div class=\"fusion-column-wrapper fusion-flex-column-wrapper-legacy\" style=\"background-position:left top;background-repeat:no-repeat;-webkit-background-size:cover;-moz-background-size:cover;-o-background-size:cover;background-size:cover;padding: 0px 0px 0px 0px;\"><div class=\"fusion-text fusion-text-2\"><p>Les plages de Formentera sont reconnues comme l&#8217;une des plus spectaculaires au monde. Avec leurs eaux cristallines d&#8217;un turquoise intense et leurs sables blancs qui s&#8217;\u00e9tendent \u00e0 l&#8217;infini. L&#8217;environnement de l&#8217;\u00eele voisine conserve tout son charme traditionnel et porte la magie de l&#8217;\u00eele dans chacun de ses recoins.<br \/>D\u00e9couvrez l&#8217;\u00eele en bateau !<br \/>Achetez votre billet de bateau pour des excursions \u00e0 Formentera ou recherchez une excursion pour d\u00e9couvrir Ibiza.<\/p>\n<p class=\"botones-alojamiento\"><a href=\"https:\/\/alsabini-ibiza-eventos.booketea.com\/Sales\/Home\/IFrameSales?type=2&amp;referred=20935&amp;&amp;culture=fr&amp;\" target=\"_blank\" rel=\"noopener noreferrer\">+R\u00e9serve<\/a>.<\/p>\n<\/div><div class=\"fusion-clearfix\"><\/div><\/div><\/div><\/div><\/div><\/p>\n","protected":false},"excerpt":{"rendered":"","protected":false},"author":1,"featured_media":0,"parent":3988,"menu_order":0,"comment_status":"closed","ping_status":"closed","template":"100-width.php","meta":[],"yoast_head":"<!-- This site is optimized with the Yoast SEO plugin v19.14 - https:\/\/yoast.com\/wordpress\/plugins\/seo\/ -->\n<title>Excursions - San Miguel Park - Esmeralda Mark<\/title>\n<meta name=\"description\" content=\"Les plages de Formentera sont reconnues comme l&#039;une des plus spectaculaires au monde. Avec leurs eaux cristallines d&#039;un turquoise intense...\" \/>\n<meta name=\"robots\" content=\"index, follow, max-snippet:-1, max-image-preview:large, max-video-preview:-1\" \/>\n<link rel=\"canonical\" href=\"https:\/\/www.sanmiguelpark-ibiza.com\/fr\/services-et-activites\/excursions\/\" \/>\n<meta property=\"og:locale\" content=\"fr_FR\" \/>\n<meta property=\"og:type\" content=\"article\" \/>\n<meta property=\"og:title\" content=\"Excursions - San Miguel Park - Esmeralda Mark\" \/>\n<meta property=\"og:description\" content=\"Les plages de Formentera sont reconnues comme l&#039;une des plus spectaculaires au monde. Avec leurs eaux cristallines d&#039;un turquoise intense...\" \/>\n<meta property=\"og:url\" content=\"https:\/\/www.sanmiguelpark-ibiza.com\/fr\/services-et-activites\/excursions\/\" \/>\n<meta property=\"og:site_name\" content=\"San Miguel Park - Esmeralda Mark\" \/>\n<meta property=\"article:publisher\" content=\"https:\/\/www.facebook.com\/SanMiguelParkEsmeraldaMarIbiza\/\" \/>\n<meta property=\"article:modified_time\" content=\"2022-01-11T09:45:40+00:00\" \/>\n<meta property=\"og:image\" content=\"https:\/\/www.sanmiguelpark-ibiza.com\/wp-content\/uploads\/2021\/03\/apartamentos-san-miguel-park-ibiza.jpg\" \/>\n\t<meta property=\"og:image:width\" content=\"1343\" \/>\n\t<meta property=\"og:image:height\" content=\"828\" \/>\n\t<meta property=\"og:image:type\" content=\"image\/jpeg\" \/>\n<meta name=\"twitter:card\" content=\"summary_large_image\" \/>\n<meta name=\"twitter:label1\" content=\"Dur\u00e9e de lecture estim\u00e9e\" \/>\n\t<meta name=\"twitter:data1\" content=\"5 minutes\" \/>\n<!-- \/ Yoast SEO plugin. -->","yoast_head_json":{"title":"Excursions - San Miguel Park - Esmeralda Mark","description":"Les plages de Formentera sont reconnues comme l'une des plus spectaculaires au monde. Avec leurs eaux cristallines d'un turquoise intense...","robots":{"index":"index","follow":"follow","max-snippet":"max-snippet:-1","max-image-preview":"max-image-preview:large","max-video-preview":"max-video-preview:-1"},"canonical":"https:\/\/www.sanmiguelpark-ibiza.com\/fr\/services-et-activites\/excursions\/","og_locale":"fr_FR","og_type":"article","og_title":"Excursions - San Miguel Park - Esmeralda Mark","og_description":"Les plages de Formentera sont reconnues comme l'une des plus spectaculaires au monde. Avec leurs eaux cristallines d'un turquoise intense...","og_url":"https:\/\/www.sanmiguelpark-ibiza.com\/fr\/services-et-activites\/excursions\/","og_site_name":"San Miguel Park - Esmeralda Mark","article_publisher":"https:\/\/www.facebook.com\/SanMiguelParkEsmeraldaMarIbiza\/","article_modified_time":"2022-01-11T09:45:40+00:00","og_image":[{"width":1343,"height":828,"url":"https:\/\/www.sanmiguelpark-ibiza.com\/wp-content\/uploads\/2021\/03\/apartamentos-san-miguel-park-ibiza.jpg","type":"image\/jpeg"}],"twitter_card":"summary_large_image","twitter_misc":{"Dur\u00e9e de lecture estim\u00e9e":"5 minutes"},"schema":{"@context":"https:\/\/schema.org","@graph":[{"@type":"WebPage","@id":"https:\/\/www.sanmiguelpark-ibiza.com\/fr\/services-et-activites\/excursions\/","url":"https:\/\/www.sanmiguelpark-ibiza.com\/fr\/services-et-activites\/excursions\/","name":"Excursions - San Miguel Park - Esmeralda Mark","isPartOf":{"@id":"https:\/\/www.sanmiguelpark-ibiza.com\/fr\/#website"},"datePublished":"2020-03-08T11:14:54+00:00","dateModified":"2022-01-11T09:45:40+00:00","description":"Les plages de Formentera sont reconnues comme l'une des plus spectaculaires au monde. Avec leurs eaux cristallines d'un turquoise intense...","breadcrumb":{"@id":"https:\/\/www.sanmiguelpark-ibiza.com\/fr\/services-et-activites\/excursions\/#breadcrumb"},"inLanguage":"fr-FR","potentialAction":[{"@type":"ReadAction","target":["https:\/\/www.sanmiguelpark-ibiza.com\/fr\/services-et-activites\/excursions\/"]}]},{"@type":"BreadcrumbList","@id":"https:\/\/www.sanmiguelpark-ibiza.com\/fr\/services-et-activites\/excursions\/#breadcrumb","itemListElement":[{"@type":"ListItem","position":1,"name":"Portada","item":"https:\/\/www.sanmiguelpark-ibiza.com\/fr\/"},{"@type":"ListItem","position":2,"name":"Services et activit\u00e9s","item":"https:\/\/www.sanmiguelpark-ibiza.com\/fr\/services-et-activites\/"},{"@type":"ListItem","position":3,"name":"Excursions"}]},{"@type":"WebSite","@id":"https:\/\/www.sanmiguelpark-ibiza.com\/fr\/#website","url":"https:\/\/www.sanmiguelpark-ibiza.com\/fr\/","name":"Apartamentos San Miguel Park & Esmeralda Mar Ibiza","description":"Apartamentos en la playa del Puerto de San Miguel, Entorno privilegiado a solo 20 minutos de Ibiza ciudad, ideal para familias y parejas.","publisher":{"@id":"https:\/\/www.sanmiguelpark-ibiza.com\/fr\/#organization"},"alternateName":"San Miguel Park Ibiza","potentialAction":[{"@type":"SearchAction","target":{"@type":"EntryPoint","urlTemplate":"https:\/\/www.sanmiguelpark-ibiza.com\/fr\/?s={search_term_string}"},"query-input":"required name=search_term_string"}],"inLanguage":"fr-FR"},{"@type":"Organization","@id":"https:\/\/www.sanmiguelpark-ibiza.com\/fr\/#organization","name":"Apartamentos San Miguel Park & Esmeralda Mar Ibiza","alternateName":"Esmeralda Mar Ibiza","url":"https:\/\/www.sanmiguelpark-ibiza.com\/fr\/","logo":{"@type":"ImageObject","inLanguage":"fr-FR","@id":"https:\/\/www.sanmiguelpark-ibiza.com\/fr\/#\/schema\/logo\/image\/","url":"https:\/\/www.sanmiguelpark-ibiza.com\/wp-content\/uploads\/2023\/03\/LOGO-PARKMAR-2A-sinF-fondoblanco.jpg","contentUrl":"https:\/\/www.sanmiguelpark-ibiza.com\/wp-content\/uploads\/2023\/03\/LOGO-PARKMAR-2A-sinF-fondoblanco.jpg","width":1000,"height":500,"caption":"Apartamentos San Miguel Park & Esmeralda Mar Ibiza"},"image":{"@id":"https:\/\/www.sanmiguelpark-ibiza.com\/fr\/#\/schema\/logo\/image\/"},"sameAs":["https:\/\/www.instagram.com\/sanmiguelpark\/?hl=es","https:\/\/www.facebook.com\/SanMiguelParkEsmeraldaMarIbiza\/"]}]}},"_links":{"self":[{"href":"https:\/\/www.sanmiguelpark-ibiza.com\/fr\/wp-json\/wp\/v2\/pages\/4063"}],"collection":[{"href":"https:\/\/www.sanmiguelpark-ibiza.com\/fr\/wp-json\/wp\/v2\/pages"}],"about":[{"href":"https:\/\/www.sanmiguelpark-ibiza.com\/fr\/wp-json\/wp\/v2\/types\/page"}],"author":[{"embeddable":true,"href":"https:\/\/www.sanmiguelpark-ibiza.com\/fr\/wp-json\/wp\/v2\/users\/1"}],"replies":[{"embeddable":true,"href":"https:\/\/www.sanmiguelpark-ibiza.com\/fr\/wp-json\/wp\/v2\/comments?post=4063"}],"version-history":[{"count":0,"href":"https:\/\/www.sanmiguelpark-ibiza.com\/fr\/wp-json\/wp\/v2\/pages\/4063\/revisions"}],"up":[{"embeddable":true,"href":"https:\/\/www.sanmiguelpark-ibiza.com\/fr\/wp-json\/wp\/v2\/pages\/3988"}],"wp:attachment":[{"href":"https:\/\/www.sanmiguelpark-ibiza.com\/fr\/wp-json\/wp\/v2\/media?parent=4063"}],"curies":[{"name":"wp","href":"https:\/\/api.w.org\/{rel}","templated":true}]}}