{"id":3934,"date":"2020-03-05T18:01:38","date_gmt":"2020-03-05T17:01:38","guid":{"rendered":"https:\/\/www.sanmiguelpark-ibiza.com\/estudio-confort-max-3-personas\/"},"modified":"2022-03-09T14:28:45","modified_gmt":"2022-03-09T13:28:45","slug":"studio-confort-max-3-personnes","status":"publish","type":"page","link":"https:\/\/www.sanmiguelpark-ibiza.com\/fr\/chambres\/studio-confort-max-3-personnes\/","title":{"rendered":"Studio confort (Max. 3 personnes)"},"content":{"rendered":"<p><div class=\"fusion-fullwidth fullwidth-box fusion-builder-row-1 contenedorFormReservas nonhundred-percent-fullwidth non-hundred-percent-height-scrolling\" style=\"background-color: rgba(0,0,0,0.01);background-position: center center;background-repeat: no-repeat;padding-top:0px;padding-right:0px;padding-bottom:0px;padding-left:0px;margin-bottom: 0px;margin-top: 0px;border-width: 0px 0px 0px 0px;border-color:#eae9e9;border-style:solid;\" ><div class=\"fusion-builder-row fusion-row\"><div class=\"fusion-layout-column fusion_builder_column fusion-builder-column-0 fusion_builder_column_1_1 1_1 fusion-one-full fusion-column-first fusion-column-last formReservas fusion-animated\" style=\"margin-top:0px;margin-bottom:0px;\" data-animationType=\"fadeInLeft\" data-animationDuration=\"0.6\" data-animationOffset=\"top-into-view\"><div class=\"fusion-column-wrapper fusion-flex-column-wrapper-legacy\" style=\"background-position:left top;background-repeat:no-repeat;-webkit-background-size:cover;-moz-background-size:cover;-o-background-size:cover;background-size:cover;background-color:#008dc7;padding: 10px 20px 20px 20px;\"><div class=\"fusion-text fusion-text-1\"><p><a class=\"bt-cerrar-reservas\">X<\/a><\/p>\n<h2 class=\"titulo-reserva\">R\u00c9SERVATION<\/h2>\n<form id=\"submit\" action=\"https:\/\/bookings.sanmiguelpark-ibiza.com\/fr\/step-1\" autocomplete=\"off\" method=\"get\"><input name=\"id\" type=\"hidden\" value=\"8I99OlczXgJdJm0yP7Ih3w\" \/><\/p>\n<div class=\"col-lg-3\"><input id=\"arrival\" class=\"datepicker\" autocomplete=\"off\" name=\"arrival\" readonly=\"readonly\" type=\"text\" placeholder=\"Date d'entr\u00e9e\" \/><\/div>\n<div class=\"col-lg-3\"><input id=\"departure\" class=\"datepicker\" autocomplete=\"off\" name=\"departure\" readonly=\"readonly\" type=\"text\" placeholder=\"Date de sortie\" \/><\/div>\n<div class=\"col-lg-3\"><input id=\"promo-code\" autocomplete=\"off\" name=\"promo\" type=\"text\" placeholder=\"Code PROMO\" \/><\/div>\n<div class=\"col-lg-3\"><input id=\"submit_reserva\" class=\"wpcf7-form-control wpcf7-submit\" style=\"border-radius: 25px; margin-top: 3px; width: 100%;\" type=\"submit\" value=\"R\u00c9SERVE\" \/><\/div>\n<\/form>\n<\/div><div class=\"fusion-clearfix\"><\/div><\/div><\/div><\/div><\/div><div class=\"fusion-fullwidth fullwidth-box fusion-builder-row-2 fusion-parallax-none nonhundred-percent-fullwidth non-hundred-percent-height-scrolling\" style=\"background-color: rgba(255,255,255,0);background-image: url(&quot;https:\/\/www.sanmiguelpark-ibiza.com\/wp-content\/uploads\/2019\/05\/413222380.jpg&quot;);background-position: center center;background-repeat: no-repeat;padding-top:160px;padding-right:0px;padding-bottom:100px;padding-left:0px;margin-bottom: 0px;margin-top: 0px;border-width: 0px 0px 0px 0px;border-color:#eae9e9;border-style:solid;-webkit-background-size:cover;-moz-background-size:cover;-o-background-size:cover;background-size:cover;\" ><div class=\"fusion-builder-row fusion-row\"><div class=\"fusion-layout-column fusion_builder_column fusion-builder-column-1 fusion_builder_column_1_1 1_1 fusion-one-full fusion-column-first fusion-column-last\" style=\"margin-top:0px;margin-bottom:0px;\"><div class=\"fusion-column-wrapper fusion-flex-column-wrapper-legacy\" style=\"background-image: url(&#039;https:\/\/www.sanmiguelpark-ibiza.com\/wp-content\/uploads\/2019\/05\/413222380.jpg&#039;);background-position:center center;background-repeat:no-repeat;-webkit-background-size:cover;-moz-background-size:cover;-o-background-size:cover;background-size:cover;padding: 0px 0px 0px 0px;\" data-bg-url=\"https:\/\/www.sanmiguelpark-ibiza.com\/wp-content\/uploads\/2019\/05\/413222380.jpg\"><style type=\"text\/css\"><\/style><div class=\"fusion-title title fusion-title-1 fusion-sep-none fusion-title-text fusion-title-size-one\" style=\"margin-top:0px;margin-right:0px;margin-bottom:31px;margin-left:0px;\"><h1 class=\"title-heading-left fusion-responsive-typography-calculated\" style=\"margin:0;--fontSize:60;line-height:1.4;\"><p style=\"text-align: center;\">Studio confort<br \/>\n(Max. 3 <i class=\"fas fa-users\"><\/i>)<\/p><\/h1><\/div><div class=\"fusion-clearfix\"><\/div><\/div><\/div><\/div><\/div><div class=\"fusion-fullwidth fullwidth-box fusion-builder-row-3 nonhundred-percent-fullwidth non-hundred-percent-height-scrolling\" style=\"background-color: rgba(255,255,255,0);background-position: center center;background-repeat: no-repeat;padding-top:50px;padding-right:0px;padding-bottom:50px;padding-left:0px;margin-bottom: 0px;margin-top: 0px;border-width: 0px 0px 0px 0px;border-color:#eae9e9;border-style:solid;\" ><div class=\"fusion-builder-row fusion-row\"><div class=\"fusion-layout-column fusion_builder_column fusion-builder-column-2 fusion_builder_column_1_1 1_1 fusion-one-full fusion-column-first fusion-column-last\" style=\"margin-top:0px;margin-bottom:0px;\"><div class=\"fusion-column-wrapper fusion-flex-column-wrapper-legacy\" style=\"background-position:left top;background-repeat:no-repeat;-webkit-background-size:cover;-moz-background-size:cover;-o-background-size:cover;background-size:cover;padding: 0px 0px 0px 0px;\"><div class=\"fusion-text fusion-text-2\"><p>Nos Studios Confort ont \u00e9t\u00e9 r\u00e9nov\u00e9s en 2020 et ont le style d&#8217;Ibiza que vous recherchez. Ils sont enti\u00e8rement \u00e9quip\u00e9s pour que pendant vos vacances, vous n&#8217;ayez \u00e0 vous soucier de rien d&#8217;autre que d\u2019en profiter.<\/p>\n<p>Ils disposent d&#8217;une terrasse ou d&#8217;un balcon avec vue sur la for\u00eat m\u00e9diterran\u00e9enne, le jardin ou la piscine. Dans le m\u00eame espace jusqu&#8217;\u00e0 30 m<sup>2<\/sup>, ils combinent la zone de repos et le coin cuisine. Pour votre confort, ces studios disposent de deux lits simples ou d&#8217;un lit double ainsi que d&#8217;un fauteuil-lit pour la troisi\u00e8me personne.<\/p>\n<p>Cette option a l\u2019\/la\/un(e) :<\/p>\n<ul>\n<li>Air conditionn\u00e9.<\/li>\n<li>Cuisine enti\u00e8rement \u00e9quip\u00e9e avec ustensiles, r\u00e9frig\u00e9rateur et micro-ondes.<\/li>\n<li>Salle de bain avec douche.<\/li>\n<li>S\u00e8che-cheveux.<\/li>\n<li>T\u00e9l\u00e9vision par satellite.<\/li>\n<li>Balcon ou terrasse avec table et chaises.<\/li>\n<li>Possibilit\u00e9 de louer un coffre-fort.<\/li>\n<li>Berceau gratuit (lors de la r\u00e9servation, il suffit de nous en informer).<\/li>\n<\/ul>\n<\/div><div class=\"fusion-clearfix\"><\/div><\/div><\/div><div class=\"fusion-layout-column fusion_builder_column fusion-builder-column-3 fusion_builder_column_1_1 1_1 fusion-one-full fusion-column-first fusion-column-last\" style=\"margin-top:0px;margin-bottom:0px;\"><div class=\"fusion-column-wrapper fusion-flex-column-wrapper-legacy\" style=\"background-position:left top;background-repeat:no-repeat;-webkit-background-size:cover;-moz-background-size:cover;-o-background-size:cover;background-size:cover;padding: 0px 10% 0px 10%;\"><div class=\"fusion-image-carousel fusion-image-carousel-auto fusion-image-carousel-1\"><div class=\"fusion-carousel\" data-autoplay=\"no\" data-columns=\"1\" data-itemmargin=\"13\" data-itemwidth=\"180\" data-touchscroll=\"no\" data-imagesize=\"auto\"><div class=\"fusion-carousel-positioner\"><ul class=\"fusion-carousel-holder\"><li class=\"fusion-carousel-item\"><div class=\"fusion-carousel-item-wrapper\"><div class=\"fusion-image-wrapper hover-type-zoomout\"><img width=\"2560\" height=\"1920\" src=\"https:\/\/www.sanmiguelpark-ibiza.com\/wp-content\/uploads\/2022\/03\/Estudio-Confort-scaled.jpeg\" class=\"attachment-full size-full\" alt=\"Estudio Confort\" decoding=\"async\" srcset=\"https:\/\/www.sanmiguelpark-ibiza.com\/wp-content\/uploads\/2022\/03\/Estudio-Confort-200x150.jpeg 200w, https:\/\/www.sanmiguelpark-ibiza.com\/wp-content\/uploads\/2022\/03\/Estudio-Confort-300x225.jpeg 300w, https:\/\/www.sanmiguelpark-ibiza.com\/wp-content\/uploads\/2022\/03\/Estudio-Confort-400x300.jpeg 400w, https:\/\/www.sanmiguelpark-ibiza.com\/wp-content\/uploads\/2022\/03\/Estudio-Confort-600x450.jpeg 600w, https:\/\/www.sanmiguelpark-ibiza.com\/wp-content\/uploads\/2022\/03\/Estudio-Confort-768x576.jpeg 768w, https:\/\/www.sanmiguelpark-ibiza.com\/wp-content\/uploads\/2022\/03\/Estudio-Confort-800x600.jpeg 800w, https:\/\/www.sanmiguelpark-ibiza.com\/wp-content\/uploads\/2022\/03\/Estudio-Confort-1024x768.jpeg 1024w, https:\/\/www.sanmiguelpark-ibiza.com\/wp-content\/uploads\/2022\/03\/Estudio-Confort-1200x900.jpeg 1200w, https:\/\/www.sanmiguelpark-ibiza.com\/wp-content\/uploads\/2022\/03\/Estudio-Confort-1536x1152.jpeg 1536w, https:\/\/www.sanmiguelpark-ibiza.com\/wp-content\/uploads\/2022\/03\/Estudio-Confort-scaled.jpeg 2560w\" sizes=\"(max-width: 2560px) 100vw, 2560px\" \/><\/div><\/div><\/li><li class=\"fusion-carousel-item\"><div class=\"fusion-carousel-item-wrapper\"><div class=\"fusion-image-wrapper hover-type-zoomout\"><img width=\"1849\" height=\"2560\" src=\"https:\/\/www.sanmiguelpark-ibiza.com\/wp-content\/uploads\/2022\/03\/Apartamento-Confort-Terraza-scaled.jpeg\" class=\"attachment-full size-full\" alt=\"Apartamento Confort - Terraza\" decoding=\"async\" srcset=\"https:\/\/www.sanmiguelpark-ibiza.com\/wp-content\/uploads\/2022\/03\/Apartamento-Confort-Terraza-200x277.jpeg 200w, https:\/\/www.sanmiguelpark-ibiza.com\/wp-content\/uploads\/2022\/03\/Apartamento-Confort-Terraza-217x300.jpeg 217w, https:\/\/www.sanmiguelpark-ibiza.com\/wp-content\/uploads\/2022\/03\/Apartamento-Confort-Terraza-400x554.jpeg 400w, https:\/\/www.sanmiguelpark-ibiza.com\/wp-content\/uploads\/2022\/03\/Apartamento-Confort-Terraza-600x831.jpeg 600w, https:\/\/www.sanmiguelpark-ibiza.com\/wp-content\/uploads\/2022\/03\/Apartamento-Confort-Terraza-739x1024.jpeg 739w, https:\/\/www.sanmiguelpark-ibiza.com\/wp-content\/uploads\/2022\/03\/Apartamento-Confort-Terraza-768x1064.jpeg 768w, https:\/\/www.sanmiguelpark-ibiza.com\/wp-content\/uploads\/2022\/03\/Apartamento-Confort-Terraza-800x1108.jpeg 800w, https:\/\/www.sanmiguelpark-ibiza.com\/wp-content\/uploads\/2022\/03\/Apartamento-Confort-Terraza-1109x1536.jpeg 1109w, https:\/\/www.sanmiguelpark-ibiza.com\/wp-content\/uploads\/2022\/03\/Apartamento-Confort-Terraza-1200x1662.jpeg 1200w, https:\/\/www.sanmiguelpark-ibiza.com\/wp-content\/uploads\/2022\/03\/Apartamento-Confort-Terraza-1479x2048.jpeg 1479w, https:\/\/www.sanmiguelpark-ibiza.com\/wp-content\/uploads\/2022\/03\/Apartamento-Confort-Terraza-scaled.jpeg 1849w\" sizes=\"(max-width: 1849px) 100vw, 1849px\" \/><\/div><\/div><\/li><li class=\"fusion-carousel-item\"><div class=\"fusion-carousel-item-wrapper\"><div class=\"fusion-image-wrapper hover-type-zoomout\"><img width=\"1920\" height=\"1280\" src=\"https:\/\/www.sanmiguelpark-ibiza.com\/wp-content\/uploads\/2020\/03\/estudio-comfort-dormitorio.jpg\" class=\"attachment-full size-full\" alt=\"\" decoding=\"async\" srcset=\"https:\/\/www.sanmiguelpark-ibiza.com\/wp-content\/uploads\/2020\/03\/estudio-comfort-dormitorio-200x133.jpg 200w, https:\/\/www.sanmiguelpark-ibiza.com\/wp-content\/uploads\/2020\/03\/estudio-comfort-dormitorio-300x200.jpg 300w, https:\/\/www.sanmiguelpark-ibiza.com\/wp-content\/uploads\/2020\/03\/estudio-comfort-dormitorio-400x267.jpg 400w, https:\/\/www.sanmiguelpark-ibiza.com\/wp-content\/uploads\/2020\/03\/estudio-comfort-dormitorio-600x400.jpg 600w, https:\/\/www.sanmiguelpark-ibiza.com\/wp-content\/uploads\/2020\/03\/estudio-comfort-dormitorio-768x512.jpg 768w, https:\/\/www.sanmiguelpark-ibiza.com\/wp-content\/uploads\/2020\/03\/estudio-comfort-dormitorio-800x533.jpg 800w, https:\/\/www.sanmiguelpark-ibiza.com\/wp-content\/uploads\/2020\/03\/estudio-comfort-dormitorio-1024x683.jpg 1024w, https:\/\/www.sanmiguelpark-ibiza.com\/wp-content\/uploads\/2020\/03\/estudio-comfort-dormitorio-1200x800.jpg 1200w, https:\/\/www.sanmiguelpark-ibiza.com\/wp-content\/uploads\/2020\/03\/estudio-comfort-dormitorio.jpg 1920w\" sizes=\"(max-width: 1920px) 100vw, 1920px\" \/><\/div><\/div><\/li><li class=\"fusion-carousel-item\"><div class=\"fusion-carousel-item-wrapper\"><div class=\"fusion-image-wrapper hover-type-zoomout\"><img width=\"1920\" height=\"1280\" src=\"https:\/\/www.sanmiguelpark-ibiza.com\/wp-content\/uploads\/2020\/03\/estudio-comfort-dormitorio-2.jpg\" class=\"attachment-full size-full\" alt=\"\" decoding=\"async\" srcset=\"https:\/\/www.sanmiguelpark-ibiza.com\/wp-content\/uploads\/2020\/03\/estudio-comfort-dormitorio-2-200x133.jpg 200w, https:\/\/www.sanmiguelpark-ibiza.com\/wp-content\/uploads\/2020\/03\/estudio-comfort-dormitorio-2-300x200.jpg 300w, https:\/\/www.sanmiguelpark-ibiza.com\/wp-content\/uploads\/2020\/03\/estudio-comfort-dormitorio-2-400x267.jpg 400w, https:\/\/www.sanmiguelpark-ibiza.com\/wp-content\/uploads\/2020\/03\/estudio-comfort-dormitorio-2-600x400.jpg 600w, https:\/\/www.sanmiguelpark-ibiza.com\/wp-content\/uploads\/2020\/03\/estudio-comfort-dormitorio-2-768x512.jpg 768w, https:\/\/www.sanmiguelpark-ibiza.com\/wp-content\/uploads\/2020\/03\/estudio-comfort-dormitorio-2-800x533.jpg 800w, https:\/\/www.sanmiguelpark-ibiza.com\/wp-content\/uploads\/2020\/03\/estudio-comfort-dormitorio-2-1024x683.jpg 1024w, https:\/\/www.sanmiguelpark-ibiza.com\/wp-content\/uploads\/2020\/03\/estudio-comfort-dormitorio-2-1200x800.jpg 1200w, https:\/\/www.sanmiguelpark-ibiza.com\/wp-content\/uploads\/2020\/03\/estudio-comfort-dormitorio-2.jpg 1920w\" sizes=\"(max-width: 1920px) 100vw, 1920px\" \/><\/div><\/div><\/li><li class=\"fusion-carousel-item\"><div class=\"fusion-carousel-item-wrapper\"><div class=\"fusion-image-wrapper hover-type-zoomout\"><img width=\"1920\" height=\"1280\" src=\"https:\/\/www.sanmiguelpark-ibiza.com\/wp-content\/uploads\/2020\/03\/estudio-comfort-salon.jpg\" class=\"attachment-full size-full\" alt=\"\" decoding=\"async\" srcset=\"https:\/\/www.sanmiguelpark-ibiza.com\/wp-content\/uploads\/2020\/03\/estudio-comfort-salon-200x133.jpg 200w, https:\/\/www.sanmiguelpark-ibiza.com\/wp-content\/uploads\/2020\/03\/estudio-comfort-salon-300x200.jpg 300w, https:\/\/www.sanmiguelpark-ibiza.com\/wp-content\/uploads\/2020\/03\/estudio-comfort-salon-400x267.jpg 400w, https:\/\/www.sanmiguelpark-ibiza.com\/wp-content\/uploads\/2020\/03\/estudio-comfort-salon-600x400.jpg 600w, https:\/\/www.sanmiguelpark-ibiza.com\/wp-content\/uploads\/2020\/03\/estudio-comfort-salon-768x512.jpg 768w, https:\/\/www.sanmiguelpark-ibiza.com\/wp-content\/uploads\/2020\/03\/estudio-comfort-salon-800x533.jpg 800w, https:\/\/www.sanmiguelpark-ibiza.com\/wp-content\/uploads\/2020\/03\/estudio-comfort-salon-1024x683.jpg 1024w, https:\/\/www.sanmiguelpark-ibiza.com\/wp-content\/uploads\/2020\/03\/estudio-comfort-salon-1200x800.jpg 1200w, https:\/\/www.sanmiguelpark-ibiza.com\/wp-content\/uploads\/2020\/03\/estudio-comfort-salon.jpg 1920w\" sizes=\"(max-width: 1920px) 100vw, 1920px\" \/><\/div><\/div><\/li><li class=\"fusion-carousel-item\"><div class=\"fusion-carousel-item-wrapper\"><div class=\"fusion-image-wrapper hover-type-zoomout\"><img width=\"1920\" height=\"1280\" src=\"https:\/\/www.sanmiguelpark-ibiza.com\/wp-content\/uploads\/2020\/03\/estudio-comfort-bano.jpg\" class=\"attachment-full size-full\" alt=\"\" decoding=\"async\" srcset=\"https:\/\/www.sanmiguelpark-ibiza.com\/wp-content\/uploads\/2020\/03\/estudio-comfort-bano-200x133.jpg 200w, https:\/\/www.sanmiguelpark-ibiza.com\/wp-content\/uploads\/2020\/03\/estudio-comfort-bano-300x200.jpg 300w, https:\/\/www.sanmiguelpark-ibiza.com\/wp-content\/uploads\/2020\/03\/estudio-comfort-bano-400x267.jpg 400w, https:\/\/www.sanmiguelpark-ibiza.com\/wp-content\/uploads\/2020\/03\/estudio-comfort-bano-600x400.jpg 600w, https:\/\/www.sanmiguelpark-ibiza.com\/wp-content\/uploads\/2020\/03\/estudio-comfort-bano-768x512.jpg 768w, https:\/\/www.sanmiguelpark-ibiza.com\/wp-content\/uploads\/2020\/03\/estudio-comfort-bano-800x533.jpg 800w, https:\/\/www.sanmiguelpark-ibiza.com\/wp-content\/uploads\/2020\/03\/estudio-comfort-bano-1024x683.jpg 1024w, https:\/\/www.sanmiguelpark-ibiza.com\/wp-content\/uploads\/2020\/03\/estudio-comfort-bano-1200x800.jpg 1200w, https:\/\/www.sanmiguelpark-ibiza.com\/wp-content\/uploads\/2020\/03\/estudio-comfort-bano.jpg 1920w\" sizes=\"(max-width: 1920px) 100vw, 1920px\" \/><\/div><\/div><\/li><\/ul><div class=\"fusion-carousel-nav\"><span class=\"fusion-nav-prev\"><\/span><span class=\"fusion-nav-next\"><\/span><\/div><\/div><\/div><\/div><div class=\"fusion-clearfix\"><\/div><\/div><\/div><\/div><\/div><\/p>\n","protected":false},"excerpt":{"rendered":"","protected":false},"author":1,"featured_media":0,"parent":3956,"menu_order":0,"comment_status":"closed","ping_status":"closed","template":"100-width.php","meta":[],"yoast_head":"<!-- This site is optimized with the Yoast SEO plugin v19.14 - https:\/\/yoast.com\/wordpress\/plugins\/seo\/ -->\n<title>Studio confort (Max. 3 personnes) - San Miguel Park - Esmeralda Mark<\/title>\n<meta name=\"description\" content=\"Nos Studios Confort ont \u00e9t\u00e9 r\u00e9nov\u00e9s en 2020 et ont le style d&#039;Ibiza que vous recherchez. Ils sont enti\u00e8rement \u00e9quip\u00e9s...\" \/>\n<meta name=\"robots\" content=\"index, follow, max-snippet:-1, max-image-preview:large, max-video-preview:-1\" \/>\n<link rel=\"canonical\" href=\"https:\/\/www.sanmiguelpark-ibiza.com\/fr\/chambres\/studio-confort-max-3-personnes\/\" \/>\n<meta property=\"og:locale\" content=\"fr_FR\" \/>\n<meta property=\"og:type\" content=\"article\" \/>\n<meta property=\"og:title\" content=\"Studio confort (Max. 3 personnes) - San Miguel Park - Esmeralda Mark\" \/>\n<meta property=\"og:description\" content=\"Nos Studios Confort ont \u00e9t\u00e9 r\u00e9nov\u00e9s en 2020 et ont le style d&#039;Ibiza que vous recherchez. Ils sont enti\u00e8rement \u00e9quip\u00e9s...\" \/>\n<meta property=\"og:url\" content=\"https:\/\/www.sanmiguelpark-ibiza.com\/fr\/chambres\/studio-confort-max-3-personnes\/\" \/>\n<meta property=\"og:site_name\" content=\"San Miguel Park - Esmeralda Mark\" \/>\n<meta property=\"article:publisher\" content=\"https:\/\/www.facebook.com\/SanMiguelParkEsmeraldaMarIbiza\/\" \/>\n<meta property=\"article:modified_time\" content=\"2022-03-09T13:28:45+00:00\" \/>\n<meta property=\"og:image\" content=\"https:\/\/www.sanmiguelpark-ibiza.com\/wp-content\/uploads\/2021\/03\/apartamentos-san-miguel-park-ibiza.jpg\" \/>\n\t<meta property=\"og:image:width\" content=\"1343\" \/>\n\t<meta property=\"og:image:height\" content=\"828\" \/>\n\t<meta property=\"og:image:type\" content=\"image\/jpeg\" \/>\n<meta name=\"twitter:card\" content=\"summary_large_image\" \/>\n<meta name=\"twitter:label1\" content=\"Dur\u00e9e de lecture estim\u00e9e\" \/>\n\t<meta name=\"twitter:data1\" content=\"7 minutes\" \/>\n<!-- \/ Yoast SEO plugin. -->","yoast_head_json":{"title":"Studio confort (Max. 3 personnes) - San Miguel Park - Esmeralda Mark","description":"Nos Studios Confort ont \u00e9t\u00e9 r\u00e9nov\u00e9s en 2020 et ont le style d'Ibiza que vous recherchez. Ils sont enti\u00e8rement \u00e9quip\u00e9s...","robots":{"index":"index","follow":"follow","max-snippet":"max-snippet:-1","max-image-preview":"max-image-preview:large","max-video-preview":"max-video-preview:-1"},"canonical":"https:\/\/www.sanmiguelpark-ibiza.com\/fr\/chambres\/studio-confort-max-3-personnes\/","og_locale":"fr_FR","og_type":"article","og_title":"Studio confort (Max. 3 personnes) - San Miguel Park - Esmeralda Mark","og_description":"Nos Studios Confort ont \u00e9t\u00e9 r\u00e9nov\u00e9s en 2020 et ont le style d'Ibiza que vous recherchez. Ils sont enti\u00e8rement \u00e9quip\u00e9s...","og_url":"https:\/\/www.sanmiguelpark-ibiza.com\/fr\/chambres\/studio-confort-max-3-personnes\/","og_site_name":"San Miguel Park - Esmeralda Mark","article_publisher":"https:\/\/www.facebook.com\/SanMiguelParkEsmeraldaMarIbiza\/","article_modified_time":"2022-03-09T13:28:45+00:00","og_image":[{"width":1343,"height":828,"url":"https:\/\/www.sanmiguelpark-ibiza.com\/wp-content\/uploads\/2021\/03\/apartamentos-san-miguel-park-ibiza.jpg","type":"image\/jpeg"}],"twitter_card":"summary_large_image","twitter_misc":{"Dur\u00e9e de lecture estim\u00e9e":"7 minutes"},"schema":{"@context":"https:\/\/schema.org","@graph":[{"@type":"WebPage","@id":"https:\/\/www.sanmiguelpark-ibiza.com\/fr\/chambres\/studio-confort-max-3-personnes\/","url":"https:\/\/www.sanmiguelpark-ibiza.com\/fr\/chambres\/studio-confort-max-3-personnes\/","name":"Studio confort (Max. 3 personnes) - San Miguel Park - Esmeralda Mark","isPartOf":{"@id":"https:\/\/www.sanmiguelpark-ibiza.com\/fr\/#website"},"datePublished":"2020-03-05T17:01:38+00:00","dateModified":"2022-03-09T13:28:45+00:00","description":"Nos Studios Confort ont \u00e9t\u00e9 r\u00e9nov\u00e9s en 2020 et ont le style d'Ibiza que vous recherchez. Ils sont enti\u00e8rement \u00e9quip\u00e9s...","breadcrumb":{"@id":"https:\/\/www.sanmiguelpark-ibiza.com\/fr\/chambres\/studio-confort-max-3-personnes\/#breadcrumb"},"inLanguage":"fr-FR","potentialAction":[{"@type":"ReadAction","target":["https:\/\/www.sanmiguelpark-ibiza.com\/fr\/chambres\/studio-confort-max-3-personnes\/"]}]},{"@type":"BreadcrumbList","@id":"https:\/\/www.sanmiguelpark-ibiza.com\/fr\/chambres\/studio-confort-max-3-personnes\/#breadcrumb","itemListElement":[{"@type":"ListItem","position":1,"name":"Portada","item":"https:\/\/www.sanmiguelpark-ibiza.com\/fr\/"},{"@type":"ListItem","position":2,"name":"Chambres","item":"https:\/\/www.sanmiguelpark-ibiza.com\/fr\/chambres\/"},{"@type":"ListItem","position":3,"name":"Studio confort (Max. 3 personnes)"}]},{"@type":"WebSite","@id":"https:\/\/www.sanmiguelpark-ibiza.com\/fr\/#website","url":"https:\/\/www.sanmiguelpark-ibiza.com\/fr\/","name":"Apartamentos San Miguel Park & Esmeralda Mar Ibiza","description":"Apartamentos en la playa del Puerto de San Miguel, Entorno privilegiado a solo 20 minutos de Ibiza ciudad, ideal para familias y parejas.","publisher":{"@id":"https:\/\/www.sanmiguelpark-ibiza.com\/fr\/#organization"},"alternateName":"San Miguel Park Ibiza","potentialAction":[{"@type":"SearchAction","target":{"@type":"EntryPoint","urlTemplate":"https:\/\/www.sanmiguelpark-ibiza.com\/fr\/?s={search_term_string}"},"query-input":"required name=search_term_string"}],"inLanguage":"fr-FR"},{"@type":"Organization","@id":"https:\/\/www.sanmiguelpark-ibiza.com\/fr\/#organization","name":"Apartamentos San Miguel Park & Esmeralda Mar Ibiza","alternateName":"Esmeralda Mar Ibiza","url":"https:\/\/www.sanmiguelpark-ibiza.com\/fr\/","logo":{"@type":"ImageObject","inLanguage":"fr-FR","@id":"https:\/\/www.sanmiguelpark-ibiza.com\/fr\/#\/schema\/logo\/image\/","url":"https:\/\/www.sanmiguelpark-ibiza.com\/wp-content\/uploads\/2023\/03\/LOGO-PARKMAR-2A-sinF-fondoblanco.jpg","contentUrl":"https:\/\/www.sanmiguelpark-ibiza.com\/wp-content\/uploads\/2023\/03\/LOGO-PARKMAR-2A-sinF-fondoblanco.jpg","width":1000,"height":500,"caption":"Apartamentos San Miguel Park & Esmeralda Mar Ibiza"},"image":{"@id":"https:\/\/www.sanmiguelpark-ibiza.com\/fr\/#\/schema\/logo\/image\/"},"sameAs":["https:\/\/www.instagram.com\/sanmiguelpark\/?hl=es","https:\/\/www.facebook.com\/SanMiguelParkEsmeraldaMarIbiza\/"]}]}},"_links":{"self":[{"href":"https:\/\/www.sanmiguelpark-ibiza.com\/fr\/wp-json\/wp\/v2\/pages\/3934"}],"collection":[{"href":"https:\/\/www.sanmiguelpark-ibiza.com\/fr\/wp-json\/wp\/v2\/pages"}],"about":[{"href":"https:\/\/www.sanmiguelpark-ibiza.com\/fr\/wp-json\/wp\/v2\/types\/page"}],"author":[{"embeddable":true,"href":"https:\/\/www.sanmiguelpark-ibiza.com\/fr\/wp-json\/wp\/v2\/users\/1"}],"replies":[{"embeddable":true,"href":"https:\/\/www.sanmiguelpark-ibiza.com\/fr\/wp-json\/wp\/v2\/comments?post=3934"}],"version-history":[{"count":0,"href":"https:\/\/www.sanmiguelpark-ibiza.com\/fr\/wp-json\/wp\/v2\/pages\/3934\/revisions"}],"up":[{"embeddable":true,"href":"https:\/\/www.sanmiguelpark-ibiza.com\/fr\/wp-json\/wp\/v2\/pages\/3956"}],"wp:attachment":[{"href":"https:\/\/www.sanmiguelpark-ibiza.com\/fr\/wp-json\/wp\/v2\/media?parent=3934"}],"curies":[{"name":"wp","href":"https:\/\/api.w.org\/{rel}","templated":true}]}}