{"id":4286,"date":"2020-03-23T17:24:07","date_gmt":"2020-03-23T16:24:07","guid":{"rendered":"https:\/\/www.sanmiguelpark-ibiza.com\/restaurante-san-miguel-park\/"},"modified":"2021-05-27T20:43:41","modified_gmt":"2021-05-27T18:43:41","slug":"restaurant-und-bar-san-miguel-park","status":"publish","type":"page","link":"https:\/\/www.sanmiguelpark-ibiza.com\/de\/restaurant-und-bar-san-miguel-park\/","title":{"rendered":"Restaurant und Bar San Miguel Park"},"content":{"rendered":"<p><div class=\"fusion-fullwidth fullwidth-box fusion-builder-row-1 contenedorFormReservas nonhundred-percent-fullwidth non-hundred-percent-height-scrolling\" style=\"background-color: rgba(0,0,0,0.01);background-position: center center;background-repeat: no-repeat;padding-top:0px;padding-right:0px;padding-bottom:0px;padding-left:0px;margin-bottom: 0px;margin-top: 0px;border-width: 0px 0px 0px 0px;border-color:#eae9e9;border-style:solid;\" ><div class=\"fusion-builder-row fusion-row\"><div class=\"fusion-layout-column fusion_builder_column fusion-builder-column-0 fusion_builder_column_1_1 1_1 fusion-one-full fusion-column-first fusion-column-last formReservas fusion-animated\" style=\"margin-top:0px;margin-bottom:0px;\" data-animationType=\"fadeInLeft\" data-animationDuration=\"0.6\" data-animationOffset=\"top-into-view\"><div class=\"fusion-column-wrapper fusion-flex-column-wrapper-legacy\" style=\"background-position:left top;background-repeat:no-repeat;-webkit-background-size:cover;-moz-background-size:cover;-o-background-size:cover;background-size:cover;background-color:#008dc7;padding: 10px 20px 20px 20px;\"><div class=\"fusion-text fusion-text-1\"><p><a class=\"bt-cerrar-reservas\">X<\/a><\/p>\n<h2 class=\"titulo-reserva\">HIER RESERVIEREN<\/h2>\n<form id=\"submit\" action=\"https:\/\/bookings.sanmiguelpark-ibiza.com\/de\/step-1\" autocomplete=\"off\" method=\"get\"><input name=\"id\" type=\"hidden\" value=\"8I99OlczXgJdJm0yP7Ih3w\" \/><\/p>\n<div class=\"col-lg-3\"><input id=\"arrival\" class=\"datepicker\" autocomplete=\"off\" name=\"arrival\" readonly=\"readonly\" type=\"text\" placeholder=\"Eincheckdatum\" \/><\/div>\n<div class=\"col-lg-3\"><input id=\"departure\" class=\"datepicker\" autocomplete=\"off\" name=\"departure\" readonly=\"readonly\" type=\"text\" placeholder=\"\u00dcberpr\u00fcfe das Datum\" \/><\/div>\n<div class=\"col-lg-3\"><input id=\"promo-code\" autocomplete=\"off\" name=\"promo\" type=\"text\" placeholder=\"Gutscheincode\" \/><\/div>\n<div class=\"col-lg-3\"><input id=\"submit_reserva\" class=\"wpcf7-form-control wpcf7-submit\" style=\"border-radius: 25px; margin-top: 3px; width: 100%;\" type=\"submit\" value=\"RESERVIEREN\" \/><\/div>\n<\/form>\n<\/div><div class=\"fusion-clearfix\"><\/div><\/div><\/div><\/div><\/div><div class=\"fusion-bg-parallax\" data-bg-align=\"center bottom\" data-direction=\"up\" data-mute=\"false\" data-opacity=\"100\" data-velocity=\"-0.3\" data-mobile-enabled=\"false\" data-break_parents=\"0\" data-bg-image=\"https:\/\/www.sanmiguelpark-ibiza.com\/wp-content\/uploads\/2020\/03\/restaurante-san-miguel-2.jpg\" data-bg-repeat=\"false\" ><\/div><div class=\"fusion-fullwidth fullwidth-box fusion-builder-row-2 fusion-parallax-up nonhundred-percent-fullwidth non-hundred-percent-height-scrolling\" style=\"background-color: rgba(255,255,255,0);background-image: url(&quot;https:\/\/www.sanmiguelpark-ibiza.com\/wp-content\/uploads\/2020\/03\/restaurante-san-miguel-2.jpg&quot;);background-position: center bottom;background-repeat: no-repeat;padding-top:160px;padding-right:0px;padding-bottom:100px;padding-left:0px;margin-bottom: 0px;margin-top: 0px;border-width: 0px 0px 0px 0px;border-color:#eae9e9;border-style:solid;-webkit-background-size:cover;-moz-background-size:cover;-o-background-size:cover;background-size:cover;\" ><div class=\"fusion-builder-row fusion-row\"><div class=\"fusion-layout-column fusion_builder_column fusion-builder-column-1 fusion_builder_column_1_1 1_1 fusion-one-full fusion-column-first fusion-column-last\" style=\"margin-top:0px;margin-bottom:0px;\"><div class=\"fusion-column-wrapper fusion-flex-column-wrapper-legacy\" style=\"background-position:center center;background-repeat:no-repeat;-webkit-background-size:cover;-moz-background-size:cover;-o-background-size:cover;background-size:cover;padding: 0px 0px 0px 0px;\"><style type=\"text\/css\"><\/style><div class=\"fusion-title title fusion-title-1 fusion-sep-none fusion-title-text fusion-title-size-one\" style=\"margin-top:0px;margin-right:0px;margin-bottom:31px;margin-left:0px;\"><h1 class=\"title-heading-left fusion-responsive-typography-calculated\" style=\"margin:0;--fontSize:60;line-height:1.4;\"><p style=\"text-align: center;\">Restaurant und Bar San Miguel Park<\/p><\/h1><\/div><div class=\"fusion-clearfix\"><\/div><\/div><\/div><\/div><\/div><div class=\"fusion-fullwidth fullwidth-box fusion-builder-row-3 nonhundred-percent-fullwidth non-hundred-percent-height-scrolling\" style=\"background-color: rgba(255,255,255,0);background-position: center center;background-repeat: no-repeat;padding-top:50px;padding-right:0px;padding-bottom:50px;padding-left:0px;margin-bottom: 0px;margin-top: 0px;border-width: 0px 0px 0px 0px;border-color:#eae9e9;border-style:solid;\" ><div class=\"fusion-builder-row fusion-row\"><div class=\"fusion-layout-column fusion_builder_column fusion-builder-column-2 fusion_builder_column_1_1 1_1 fusion-one-full fusion-column-first fusion-column-last\" style=\"margin-top:0px;margin-bottom:0px;\"><div class=\"fusion-column-wrapper fusion-flex-column-wrapper-legacy\" style=\"background-position:left top;background-repeat:no-repeat;-webkit-background-size:cover;-moz-background-size:cover;-o-background-size:cover;background-size:cover;padding: 0px 0px 0px 0px;\"><div class=\"fusion-text fusion-text-2\"><div class=\"fusion-text\">\n<p>Fr\u00fchst\u00fcck (08:00 Uhr \u2013 11:00 Uhr)<\/p>\n<p>Mit frischen Fr\u00fcchten, Geb\u00e4ck, S\u00e4fte, Milch, Kaffee und Tee, Br\u00f6tchen, Toastbrot, Bacon, Joghurt, Cerealien und vielem mehr!<\/p>\n<p>Fr\u00fchst\u00fcck Brunch (08:00 Uhr \u2013 11:30 Uhr)<\/p>\n<p>Jeden Sonntag bieten wir ein spezielles Brunch-Fr\u00fchst\u00fcck mit einer gro\u00dfen Auswahl zus\u00e4tzlicher Speisen an.<\/p>\n<p>Mittagessen (13:00 Uhr \u2013 15:00 Uhr)<\/p>\n<p>Am B\u00fcffet gibt es eine gro\u00dfe Auswahl an Salaten, warmen Gerichten, Fleisch, Fisch und k\u00f6stlichen Nachspeisen.<\/p>\n<p>Abendessen (19:00 Uhr \u2013 21:30 Uhr)<\/p>\n<p>Die Speisen an unserem B\u00fcffet werden mit frischen Produkten zubereitet, darunter Salate, Fleisch, Fisch und eine gro\u00dfe Auswahl an Nachspeisen<\/p>\n<p>Snacks (11:30 Uhr \u2013 12:30 Uhr \/ 15:30 Uhr \u2013 18:30 Uhr \/ 21:45 Uhr \u2013 23:00 Uhr)<\/p>\n<p>Genie\u00dfe das All-inclusive-Angebot mit frischen Fr\u00fcchten, Sandwiches, Geb\u00e4ck und Eis.<\/p>\n<p>Getr\u00e4nke (10:00 Uhr \u2013 23:00 Uhr)<\/p>\n<p style=\"font-weight: 400;\">Im Angebot enthalten sind Wasser, Erfrischungsgetr\u00e4nke, Biere, Weine, Lik\u00f6re, S\u00e4fte, Sekt, Sangria und mehr. Alkoholische und alkoholfreie Getr\u00e4nke von lokalen Herstellern. Au\u00dferdem Kaffee, Espresso und Tee.<\/p>\n<\/div>\n<\/div><div class=\"fusion-clearfix\"><\/div><\/div><\/div><\/div><\/div><\/p>\n","protected":false},"excerpt":{"rendered":"","protected":false},"author":1,"featured_media":0,"parent":0,"menu_order":0,"comment_status":"closed","ping_status":"closed","template":"100-width.php","meta":[],"yoast_head":"<!-- This site is optimized with the Yoast SEO plugin v19.14 - https:\/\/yoast.com\/wordpress\/plugins\/seo\/ -->\n<title>Restaurant und Bar San Miguel Park - San Miguel Park - Esmeralda Mark<\/title>\n<meta name=\"description\" content=\"Mit Blick auf den Pool und die Unterhaltungsb\u00fchne, auf der jeden Abend verschiedene Shows stattfinden, bietet es ein gro\u00dfes...\" \/>\n<meta name=\"robots\" content=\"index, follow, max-snippet:-1, max-image-preview:large, max-video-preview:-1\" \/>\n<link rel=\"canonical\" href=\"https:\/\/www.sanmiguelpark-ibiza.com\/de\/restaurant-und-bar-san-miguel-park\/\" \/>\n<meta property=\"og:locale\" content=\"de_DE\" \/>\n<meta property=\"og:type\" content=\"article\" \/>\n<meta property=\"og:title\" content=\"Restaurant und Bar San Miguel Park - San Miguel Park - Esmeralda Mark\" \/>\n<meta property=\"og:description\" content=\"Mit Blick auf den Pool und die Unterhaltungsb\u00fchne, auf der jeden Abend verschiedene Shows stattfinden, bietet es ein gro\u00dfes...\" \/>\n<meta property=\"og:url\" content=\"https:\/\/www.sanmiguelpark-ibiza.com\/de\/restaurant-und-bar-san-miguel-park\/\" \/>\n<meta property=\"og:site_name\" content=\"San Miguel Park - Esmeralda Mark\" \/>\n<meta property=\"article:publisher\" content=\"https:\/\/www.facebook.com\/SanMiguelParkEsmeraldaMarIbiza\/\" \/>\n<meta property=\"article:modified_time\" content=\"2021-05-27T18:43:41+00:00\" \/>\n<meta property=\"og:image\" content=\"https:\/\/www.sanmiguelpark-ibiza.com\/wp-content\/uploads\/2021\/03\/apartamentos-san-miguel-park-ibiza.jpg\" \/>\n\t<meta property=\"og:image:width\" content=\"1343\" \/>\n\t<meta property=\"og:image:height\" content=\"828\" \/>\n\t<meta property=\"og:image:type\" content=\"image\/jpeg\" \/>\n<meta name=\"twitter:card\" content=\"summary_large_image\" \/>\n<meta name=\"twitter:label1\" content=\"Gesch\u00e4tzte Lesezeit\" \/>\n\t<meta name=\"twitter:data1\" content=\"6\u00a0Minuten\" \/>\n<!-- \/ Yoast SEO plugin. -->","yoast_head_json":{"title":"Restaurant und Bar San Miguel Park - San Miguel Park - Esmeralda Mark","description":"Mit Blick auf den Pool und die Unterhaltungsb\u00fchne, auf der jeden Abend verschiedene Shows stattfinden, bietet es ein gro\u00dfes...","robots":{"index":"index","follow":"follow","max-snippet":"max-snippet:-1","max-image-preview":"max-image-preview:large","max-video-preview":"max-video-preview:-1"},"canonical":"https:\/\/www.sanmiguelpark-ibiza.com\/de\/restaurant-und-bar-san-miguel-park\/","og_locale":"de_DE","og_type":"article","og_title":"Restaurant und Bar San Miguel Park - San Miguel Park - Esmeralda Mark","og_description":"Mit Blick auf den Pool und die Unterhaltungsb\u00fchne, auf der jeden Abend verschiedene Shows stattfinden, bietet es ein gro\u00dfes...","og_url":"https:\/\/www.sanmiguelpark-ibiza.com\/de\/restaurant-und-bar-san-miguel-park\/","og_site_name":"San Miguel Park - Esmeralda Mark","article_publisher":"https:\/\/www.facebook.com\/SanMiguelParkEsmeraldaMarIbiza\/","article_modified_time":"2021-05-27T18:43:41+00:00","og_image":[{"width":1343,"height":828,"url":"https:\/\/www.sanmiguelpark-ibiza.com\/wp-content\/uploads\/2021\/03\/apartamentos-san-miguel-park-ibiza.jpg","type":"image\/jpeg"}],"twitter_card":"summary_large_image","twitter_misc":{"Gesch\u00e4tzte Lesezeit":"6\u00a0Minuten"},"schema":{"@context":"https:\/\/schema.org","@graph":[{"@type":"WebPage","@id":"https:\/\/www.sanmiguelpark-ibiza.com\/de\/restaurant-und-bar-san-miguel-park\/","url":"https:\/\/www.sanmiguelpark-ibiza.com\/de\/restaurant-und-bar-san-miguel-park\/","name":"Restaurant und Bar San Miguel Park - San Miguel Park - Esmeralda Mark","isPartOf":{"@id":"https:\/\/www.sanmiguelpark-ibiza.com\/de\/#website"},"datePublished":"2020-03-23T16:24:07+00:00","dateModified":"2021-05-27T18:43:41+00:00","description":"Mit Blick auf den Pool und die Unterhaltungsb\u00fchne, auf der jeden Abend verschiedene Shows stattfinden, bietet es ein gro\u00dfes...","breadcrumb":{"@id":"https:\/\/www.sanmiguelpark-ibiza.com\/de\/restaurant-und-bar-san-miguel-park\/#breadcrumb"},"inLanguage":"de","potentialAction":[{"@type":"ReadAction","target":["https:\/\/www.sanmiguelpark-ibiza.com\/de\/restaurant-und-bar-san-miguel-park\/"]}]},{"@type":"BreadcrumbList","@id":"https:\/\/www.sanmiguelpark-ibiza.com\/de\/restaurant-und-bar-san-miguel-park\/#breadcrumb","itemListElement":[{"@type":"ListItem","position":1,"name":"Portada","item":"https:\/\/www.sanmiguelpark-ibiza.com\/de\/"},{"@type":"ListItem","position":2,"name":"Restaurant und Bar San Miguel Park"}]},{"@type":"WebSite","@id":"https:\/\/www.sanmiguelpark-ibiza.com\/de\/#website","url":"https:\/\/www.sanmiguelpark-ibiza.com\/de\/","name":"Apartamentos San Miguel Park & Esmeralda Mar Ibiza","description":"Apartamentos en la playa del Puerto de San Miguel, Entorno privilegiado a solo 20 minutos de Ibiza ciudad, ideal para familias y parejas.","publisher":{"@id":"https:\/\/www.sanmiguelpark-ibiza.com\/de\/#organization"},"alternateName":"San Miguel Park Ibiza","potentialAction":[{"@type":"SearchAction","target":{"@type":"EntryPoint","urlTemplate":"https:\/\/www.sanmiguelpark-ibiza.com\/de\/?s={search_term_string}"},"query-input":"required name=search_term_string"}],"inLanguage":"de"},{"@type":"Organization","@id":"https:\/\/www.sanmiguelpark-ibiza.com\/de\/#organization","name":"Apartamentos San Miguel Park & Esmeralda Mar Ibiza","alternateName":"Esmeralda Mar Ibiza","url":"https:\/\/www.sanmiguelpark-ibiza.com\/de\/","logo":{"@type":"ImageObject","inLanguage":"de","@id":"https:\/\/www.sanmiguelpark-ibiza.com\/de\/#\/schema\/logo\/image\/","url":"https:\/\/www.sanmiguelpark-ibiza.com\/wp-content\/uploads\/2023\/03\/LOGO-PARKMAR-2A-sinF-fondoblanco.jpg","contentUrl":"https:\/\/www.sanmiguelpark-ibiza.com\/wp-content\/uploads\/2023\/03\/LOGO-PARKMAR-2A-sinF-fondoblanco.jpg","width":1000,"height":500,"caption":"Apartamentos San Miguel Park & Esmeralda Mar Ibiza"},"image":{"@id":"https:\/\/www.sanmiguelpark-ibiza.com\/de\/#\/schema\/logo\/image\/"},"sameAs":["https:\/\/www.instagram.com\/sanmiguelpark\/?hl=es","https:\/\/www.facebook.com\/SanMiguelParkEsmeraldaMarIbiza\/"]}]}},"_links":{"self":[{"href":"https:\/\/www.sanmiguelpark-ibiza.com\/de\/wp-json\/wp\/v2\/pages\/4286"}],"collection":[{"href":"https:\/\/www.sanmiguelpark-ibiza.com\/de\/wp-json\/wp\/v2\/pages"}],"about":[{"href":"https:\/\/www.sanmiguelpark-ibiza.com\/de\/wp-json\/wp\/v2\/types\/page"}],"author":[{"embeddable":true,"href":"https:\/\/www.sanmiguelpark-ibiza.com\/de\/wp-json\/wp\/v2\/users\/1"}],"replies":[{"embeddable":true,"href":"https:\/\/www.sanmiguelpark-ibiza.com\/de\/wp-json\/wp\/v2\/comments?post=4286"}],"version-history":[{"count":0,"href":"https:\/\/www.sanmiguelpark-ibiza.com\/de\/wp-json\/wp\/v2\/pages\/4286\/revisions"}],"wp:attachment":[{"href":"https:\/\/www.sanmiguelpark-ibiza.com\/de\/wp-json\/wp\/v2\/media?parent=4286"}],"curies":[{"name":"wp","href":"https:\/\/api.w.org\/{rel}","templated":true}]}}